{"id":265,"date":"2026-01-22T16:23:57","date_gmt":"2026-01-22T15:23:57","guid":{"rendered":"http:\/\/2-a.pl\/?page_id=265"},"modified":"2026-01-24T00:45:27","modified_gmt":"2026-01-23T23:45:27","slug":"front_page","status":"publish","type":"page","link":"http:\/\/2-a.pl\/","title":{"rendered":"Home"},"content":{"rendered":"\n\n\n\n\n\n\n\n\n\n\n\n\n\n\n\n\n\n\n\n\n\n","protected":false},"excerpt":{"rendered":"","protected":false},"author":1,"featured_media":0,"parent":0,"menu_order":0,"comment_status":"closed","ping_status":"closed","template":"","meta":{"saved_in_kubio":true,"footnotes":""},"class_list":["post-265","page","type-page","status-publish","hentry"],"kubio_ai_page_context":{"short_desc":"","purpose":"general"},"yoast_head":"<!-- This site is optimized with the Yoast SEO plugin v26.8 - https:\/\/yoast.com\/product\/yoast-seo-wordpress\/ -->\n<title>Home - 2-A Sp\u00f3\u0142ka Akcyjna<\/title>\n<meta name=\"robots\" content=\"index, follow, max-snippet:-1, max-image-preview:large, max-video-preview:-1\" \/>\n<link rel=\"canonical\" href=\"http:\/\/2-a.pl\/\" \/>\n<meta property=\"og:locale\" content=\"pl_PL\" \/>\n<meta property=\"og:type\" content=\"article\" \/>\n<meta property=\"og:title\" content=\"Home - 2-A Sp\u00f3\u0142ka Akcyjna\" \/>\n<meta property=\"og:url\" content=\"http:\/\/2-a.pl\/\" \/>\n<meta property=\"og:site_name\" content=\"2-A Sp\u00f3\u0142ka Akcyjna\" \/>\n<meta property=\"article:modified_time\" content=\"2026-01-23T23:45:27+00:00\" \/>\n<meta name=\"twitter:card\" content=\"summary_large_image\" \/>\n<meta name=\"twitter:label1\" content=\"Szacowany czas czytania\" \/>\n\t<meta name=\"twitter:data1\" content=\"4 minuty\" \/>\n<script type=\"application\/ld+json\" class=\"yoast-schema-graph\">{\"@context\":\"https:\/\/schema.org\",\"@graph\":[{\"@type\":\"WebPage\",\"@id\":\"http:\/\/2-a.pl\/\",\"url\":\"http:\/\/2-a.pl\/\",\"name\":\"Home - 2-A Sp\u00f3\u0142ka Akcyjna\",\"isPartOf\":{\"@id\":\"http:\/\/2-a.pl\/#website\"},\"datePublished\":\"2026-01-22T15:23:57+00:00\",\"dateModified\":\"2026-01-23T23:45:27+00:00\",\"breadcrumb\":{\"@id\":\"http:\/\/2-a.pl\/#breadcrumb\"},\"inLanguage\":\"pl-PL\",\"potentialAction\":[{\"@type\":\"ReadAction\",\"target\":[\"http:\/\/2-a.pl\/\"]}]},{\"@type\":\"BreadcrumbList\",\"@id\":\"http:\/\/2-a.pl\/#breadcrumb\",\"itemListElement\":[{\"@type\":\"ListItem\",\"position\":1,\"name\":\"Home\",\"item\":\"http:\/\/2-a.pl\/\"},{\"@type\":\"ListItem\",\"position\":2,\"name\":\"Home\"}]},{\"@type\":\"WebSite\",\"@id\":\"http:\/\/2-a.pl\/#website\",\"url\":\"http:\/\/2-a.pl\/\",\"name\":\"2-A Sp\u00f3\u0142ka Akcyjna\",\"description\":\"Kosimy tam, gdzie inni rezygnuj\u0105\",\"potentialAction\":[{\"@type\":\"SearchAction\",\"target\":{\"@type\":\"EntryPoint\",\"urlTemplate\":\"http:\/\/2-a.pl\/?s={search_term_string}\"},\"query-input\":{\"@type\":\"PropertyValueSpecification\",\"valueRequired\":true,\"valueName\":\"search_term_string\"}}],\"inLanguage\":\"pl-PL\"}]}<\/script>\n<!-- \/ Yoast SEO plugin. -->","yoast_head_json":{"title":"Home - 2-A Sp\u00f3\u0142ka Akcyjna","robots":{"index":"index","follow":"follow","max-snippet":"max-snippet:-1","max-image-preview":"max-image-preview:large","max-video-preview":"max-video-preview:-1"},"canonical":"http:\/\/2-a.pl\/","og_locale":"pl_PL","og_type":"article","og_title":"Home - 2-A Sp\u00f3\u0142ka Akcyjna","og_url":"http:\/\/2-a.pl\/","og_site_name":"2-A Sp\u00f3\u0142ka Akcyjna","article_modified_time":"2026-01-23T23:45:27+00:00","twitter_card":"summary_large_image","twitter_misc":{"Szacowany czas czytania":"4 minuty"},"schema":{"@context":"https:\/\/schema.org","@graph":[{"@type":"WebPage","@id":"http:\/\/2-a.pl\/","url":"http:\/\/2-a.pl\/","name":"Home - 2-A Sp\u00f3\u0142ka Akcyjna","isPartOf":{"@id":"http:\/\/2-a.pl\/#website"},"datePublished":"2026-01-22T15:23:57+00:00","dateModified":"2026-01-23T23:45:27+00:00","breadcrumb":{"@id":"http:\/\/2-a.pl\/#breadcrumb"},"inLanguage":"pl-PL","potentialAction":[{"@type":"ReadAction","target":["http:\/\/2-a.pl\/"]}]},{"@type":"BreadcrumbList","@id":"http:\/\/2-a.pl\/#breadcrumb","itemListElement":[{"@type":"ListItem","position":1,"name":"Home","item":"http:\/\/2-a.pl\/"},{"@type":"ListItem","position":2,"name":"Home"}]},{"@type":"WebSite","@id":"http:\/\/2-a.pl\/#website","url":"http:\/\/2-a.pl\/","name":"2-A Sp\u00f3\u0142ka Akcyjna","description":"Kosimy tam, gdzie inni rezygnuj\u0105","potentialAction":[{"@type":"SearchAction","target":{"@type":"EntryPoint","urlTemplate":"http:\/\/2-a.pl\/?s={search_term_string}"},"query-input":{"@type":"PropertyValueSpecification","valueRequired":true,"valueName":"search_term_string"}}],"inLanguage":"pl-PL"}]}},"_links":{"self":[{"href":"http:\/\/2-a.pl\/index.php?rest_route=\/wp\/v2\/pages\/265","targetHints":{"allow":["GET"]}}],"collection":[{"href":"http:\/\/2-a.pl\/index.php?rest_route=\/wp\/v2\/pages"}],"about":[{"href":"http:\/\/2-a.pl\/index.php?rest_route=\/wp\/v2\/types\/page"}],"author":[{"embeddable":true,"href":"http:\/\/2-a.pl\/index.php?rest_route=\/wp\/v2\/users\/1"}],"replies":[{"embeddable":true,"href":"http:\/\/2-a.pl\/index.php?rest_route=%2Fwp%2Fv2%2Fcomments&post=265"}],"version-history":[{"count":39,"href":"http:\/\/2-a.pl\/index.php?rest_route=\/wp\/v2\/pages\/265\/revisions"}],"predecessor-version":[{"id":434,"href":"http:\/\/2-a.pl\/index.php?rest_route=\/wp\/v2\/pages\/265\/revisions\/434"}],"wp:attachment":[{"href":"http:\/\/2-a.pl\/index.php?rest_route=%2Fwp%2Fv2%2Fmedia&parent=265"}],"curies":[{"name":"wp","href":"https:\/\/api.w.org\/{rel}","templated":true}]}}